{"id":5,"date":"2019-04-29T22:48:14","date_gmt":"2019-04-29T22:48:14","guid":{"rendered":"https:\/\/emilieryancopywriting.com\/home\/"},"modified":"2020-07-28T11:04:41","modified_gmt":"2020-07-28T15:04:41","slug":"home","status":"publish","type":"page","link":"https:\/\/emilieryancopywriting.com\/fr\/","title":{"rendered":"Accueil"},"content":{"rendered":"<div class=\"wp-block-cover has-background-dim\" style=\"background-image:url(https:\/\/emilieryancopywriting.com\/wp-content\/uploads\/2019\/05\/iStock-680035106_GeorgeRudy-1024x683.jpg)\"><div class=\"wp-block-cover__inner-container is-layout-flow wp-block-cover-is-layout-flow\">\n<p class=\"has-text-align-center has-large-font-size\">Services de r\u00e9daction\/copywriting pour le Web et le B2B dans l'industrie de la sant\u00e9 <\/p>\n<\/div><\/div>\n\n\n<h2 style=\"text-align: center;\"><strong><span style=\"color: #ff0000;\">Pourquoi choisir un r\u00e9dacteur moyen alors que vous pouvez en choisir un - ou deux - avec une exp\u00e9rience clinique et une expertise en recherche pour vous aider, vous et vos clients, \u00e0 prosp\u00e9rer?<\/span><\/strong><\/h2>\n\n\n<p>Vous n'avez pas assez de temps pour accomplir vos t\u00e2ches de marketing ou de r\u00e9daction? <\/p>\n\n\n\n<p>Ou bien, vous n'avez pas assez de gens pour tout accomplir?<\/p>\n\n\n\n<p class=\"has-text-align-center has-medium-font-size\"><strong>Votre temps est limit\u00e9. R\u00e9alisez vos travaux de r\u00e9daction dans le secteur de la sant\u00e9 du premier coup. <\/strong><\/p>\n\n\n\n<p>Prenez avantage de l\u2019exp\u00e9rience clinique et de l\u2019expertise en recherche d\u2019Emilie Ryan Copywriting pour donner \u00e0 votre entreprise un avantage concurrentiel et aider vos clients \u00e0 prosp\u00e9rer.<\/p>\n\n\n\n<p>Nous vous fournirons des services de r\u00e9daction pour la sant\u00e9 et \/ ou de contenu de sites Web qui vous permettront de communiquer avec vos clients de mani\u00e8re \u00e9motionnelle, factuelle et conceptuelle.<\/p>\n\n\n\n<p>Comment? <\/p>\n\n\n\n<p>Vous obtiendrez :<\/p>\n\n\n\n<div class=\"wp-block-media-text alignwide is-stacked-on-mobile\" style=\"grid-template-columns:28% auto\"><figure class=\"wp-block-media-text__media\"><img data-recalc-dims=\"1\" loading=\"lazy\" decoding=\"async\" width=\"191\" height=\"212\" data-attachment-id=\"97\" data-permalink=\"https:\/\/emilieryancopywriting.com\/fr\/home\/about-2\/#main\" data-orig-file=\"https:\/\/i0.wp.com\/emilieryancopywriting.com\/wp-content\/uploads\/2019\/05\/About.jpg?fit=191%2C212&amp;ssl=1\" data-orig-size=\"191,212\" data-comments-opened=\"1\" data-image-meta=\"{&quot;aperture&quot;:&quot;0&quot;,&quot;credit&quot;:&quot;&quot;,&quot;camera&quot;:&quot;&quot;,&quot;caption&quot;:&quot;&quot;,&quot;created_timestamp&quot;:&quot;0&quot;,&quot;copyright&quot;:&quot;&quot;,&quot;focal_length&quot;:&quot;0&quot;,&quot;iso&quot;:&quot;0&quot;,&quot;shutter_speed&quot;:&quot;0&quot;,&quot;title&quot;:&quot;&quot;,&quot;orientation&quot;:&quot;0&quot;}\" data-image-title=\"About\" data-image-description=\"&lt;p&gt;Emilie Ryan Copywriting has the expertise you need&lt;\/p&gt;\" data-image-caption=\"\" data-medium-file=\"https:\/\/i0.wp.com\/emilieryancopywriting.com\/wp-content\/uploads\/2019\/05\/About.jpg?fit=191%2C212&amp;ssl=1\" data-large-file=\"https:\/\/i0.wp.com\/emilieryancopywriting.com\/wp-content\/uploads\/2019\/05\/About.jpg?fit=191%2C212&amp;ssl=1\" src=\"https:\/\/i0.wp.com\/emilieryancopywriting.com\/wp-content\/uploads\/2019\/05\/About.jpg?resize=191%2C212&#038;ssl=1\" alt=\"Emilie Ryan Copywriting has the expertise you need\" class=\"wp-image-97\"\/><\/figure><div class=\"wp-block-media-text__content\">\n<ul class=\"wp-block-list\"><li>La connaissance et l'exp\u00e9rience clinique d'un psychologue.<\/li><\/ul>\n\n\n\n<p><\/p>\n\n\n\n<ul class=\"wp-block-list\"><li>L'expertise d'une professeure titulaire et sp\u00e9cialiste de rapports sp\u00e9ciaux (livres blancs) certifi\u00e9e par AWAI. <\/li><\/ul>\n\n\n\n<p><\/p>\n\n\n\n<ul class=\"wp-block-list\"><li>Acc\u00e8s \u00e0 notre expertise en r\u00e9daction et en pr\u00e9sentation.<\/li><\/ul>\n<\/div><\/div>\n\n\n\n<div class=\"wp-block-media-text alignwide\" style=\"grid-template-columns:27% auto\"><figure class=\"wp-block-media-text__media\"><img data-recalc-dims=\"1\" loading=\"lazy\" decoding=\"async\" width=\"184\" height=\"184\" data-attachment-id=\"64\" data-permalink=\"https:\/\/emilieryancopywriting.com\/fr\/home\/seo-and-development-icon-set\/#main\" data-orig-file=\"https:\/\/i0.wp.com\/emilieryancopywriting.com\/wp-content\/uploads\/2019\/05\/iStock-939705068_portoflio.jpg?fit=184%2C184&amp;ssl=1\" data-orig-size=\"184,184\" data-comments-opened=\"1\" data-image-meta=\"{&quot;aperture&quot;:&quot;0&quot;,&quot;credit&quot;:&quot;Getty Images\\\/iStockphoto&quot;,&quot;camera&quot;:&quot;&quot;,&quot;caption&quot;:&quot;SEO and development icon set&quot;,&quot;created_timestamp&quot;:&quot;1557486427&quot;,&quot;copyright&quot;:&quot;&quot;,&quot;focal_length&quot;:&quot;0&quot;,&quot;iso&quot;:&quot;0&quot;,&quot;shutter_speed&quot;:&quot;0&quot;,&quot;title&quot;:&quot;SEO and development icon set&quot;,&quot;orientation&quot;:&quot;1&quot;}\" data-image-title=\"Emilie Ryan Copywriting Services\" data-image-description=\"&lt;p&gt;Emilie Ryan Copywriting and Web Contemt Services&lt;\/p&gt;\" data-image-caption=\"&lt;p&gt;Click to find out about our B2B health copywriting and web content services&lt;\/p&gt;\" data-medium-file=\"https:\/\/i0.wp.com\/emilieryancopywriting.com\/wp-content\/uploads\/2019\/05\/iStock-939705068_portoflio.jpg?fit=184%2C184&amp;ssl=1\" data-large-file=\"https:\/\/i0.wp.com\/emilieryancopywriting.com\/wp-content\/uploads\/2019\/05\/iStock-939705068_portoflio.jpg?fit=184%2C184&amp;ssl=1\" src=\"https:\/\/i0.wp.com\/emilieryancopywriting.com\/wp-content\/uploads\/2019\/05\/iStock-939705068_portoflio.jpg?resize=184%2C184&#038;ssl=1\" alt=\"Emilie Ryan Copywriting Services: white papers\/special reports, case studies\/success stories, web content, and ghostwriting books and eBooks\" class=\"wp-image-64\" srcset=\"https:\/\/i0.wp.com\/emilieryancopywriting.com\/wp-content\/uploads\/2019\/05\/iStock-939705068_portoflio.jpg?w=184&amp;ssl=1 184w, https:\/\/i0.wp.com\/emilieryancopywriting.com\/wp-content\/uploads\/2019\/05\/iStock-939705068_portoflio.jpg?resize=150%2C150&amp;ssl=1 150w, https:\/\/i0.wp.com\/emilieryancopywriting.com\/wp-content\/uploads\/2019\/05\/iStock-939705068_portoflio.jpg?resize=50%2C50&amp;ssl=1 50w\" sizes=\"auto, (max-width: 184px) 100vw, 184px\" \/><\/figure><div class=\"wp-block-media-text__content\">\n<p class=\"has-large-font-size\">Quelles sont nos sp\u00e9cialit\u00e9s?<\/p>\n\n\n\n<ul class=\"wp-block-list\"><li>Papiers blancs \/ rapports sp\u00e9ciaux (par ex. articles de recherche);<\/li><li>\u00c9tudes de cas \/ succ\u00e8s;<\/li><li>Contenu Web (par exemple, blogs) et revues \/ audits de sites Web;<\/li><li>Ghostwriting (\u00e9criture fant\u00f4me) de livres et d'eBooks.<\/li><\/ul>\n<\/div><\/div>\n\n\n\n<p>Parce qu'Emilie Ryan Copywriting est un duo d\u2019\u00e9crivains, de chercheurs et de professionnels de la sant\u00e9. Nous :<\/p>\n\n\n\n<ul class=\"wp-block-list\"><li>Avons <strong>une expertise et exp\u00e9rience clinique<\/strong> dans l'industrie de la sant\u00e9, notamment en sant\u00e9 mentale et dans les laboratoires. Nous avons travaill\u00e9 dans des laboratoires de recherche avec <strong>de l'\u00e9quipement sp\u00e9cialis\u00e9.<\/strong><\/li><\/ul>\n\n\n\n<p><\/p>\n\n\n\n<ul class=\"wp-block-list\"><li>Avons <strong>expertise et exp\u00e9rience en recherche<\/strong>. Nous avons <strong>publi\u00e9<\/strong> 98 articles in international peer-reviewed health and management journals;<\/li><\/ul>\n\n\n\n<p><\/p>\n\n\n\n<ul class=\"wp-block-list\"><li>Sommes <strong>des parents d'un enfant<\/strong> qui a besoin de soins sp\u00e9cialis\u00e9s de sant\u00e9; et<\/li><\/ul>\n\n\n\n<p><\/p>\n\n\n\n<ul class=\"wp-block-list\"><li>Avons collabor\u00e9 ou interagi avec divers <strong>fournisseurs de soins de sant\u00e9<\/strong>, comme des m\u00e9decins, chirurgiens, nutritionnistes, physioth\u00e9rapeutes, entra\u00eeneurs sportifs, orth\u00e9sistes, massoth\u00e9rapeutes, acupuncteurs, optom\u00e9tristes, psychologues... <\/li><\/ul>\n\n\n\n<p>Nous comprenons vos clients et nous pouvons parler leur langue parce que nous avons \u00e9t\u00e9 vos clients. Ceci signifie que vous obtiendrez:<\/p>\n\n\n\n<ul class=\"wp-block-list\"><li>Un travail de qualit\u00e9;<\/li><li>Un travail de pointe; et<\/li><li>Des r\u00e9sultats opportuns.<\/li><\/ul>\n\n\n\n<div class=\"wp-block-media-text alignwide\" style=\"grid-template-columns:29% auto\"><figure class=\"wp-block-media-text__media\"><img data-recalc-dims=\"1\" loading=\"lazy\" decoding=\"async\" width=\"186\" height=\"186\" data-attachment-id=\"72\" data-permalink=\"https:\/\/emilieryancopywriting.com\/fr\/home\/business-icon-set\/#main\" data-orig-file=\"https:\/\/i0.wp.com\/emilieryancopywriting.com\/wp-content\/uploads\/2019\/05\/iStock-939206464_communication.jpg?fit=186%2C186&amp;ssl=1\" data-orig-size=\"186,186\" data-comments-opened=\"1\" data-image-meta=\"{&quot;aperture&quot;:&quot;0&quot;,&quot;credit&quot;:&quot;Getty Images\\\/iStockphoto&quot;,&quot;camera&quot;:&quot;&quot;,&quot;caption&quot;:&quot;Business icon set&quot;,&quot;created_timestamp&quot;:&quot;1557486963&quot;,&quot;copyright&quot;:&quot;&quot;,&quot;focal_length&quot;:&quot;0&quot;,&quot;iso&quot;:&quot;0&quot;,&quot;shutter_speed&quot;:&quot;0&quot;,&quot;title&quot;:&quot;Business icon set&quot;,&quot;orientation&quot;:&quot;1&quot;}\" data-image-title=\"Contact us\" data-image-description=\"&lt;p&gt;Contact us to talk about your needs&lt;\/p&gt;\" data-image-caption=\"\" data-medium-file=\"https:\/\/i0.wp.com\/emilieryancopywriting.com\/wp-content\/uploads\/2019\/05\/iStock-939206464_communication.jpg?fit=186%2C186&amp;ssl=1\" data-large-file=\"https:\/\/i0.wp.com\/emilieryancopywriting.com\/wp-content\/uploads\/2019\/05\/iStock-939206464_communication.jpg?fit=186%2C186&amp;ssl=1\" src=\"https:\/\/i0.wp.com\/emilieryancopywriting.com\/wp-content\/uploads\/2019\/05\/iStock-939206464_communication.jpg?resize=186%2C186&#038;ssl=1\" alt=\"Contact Emilie Ryan Copywriting by phone +1.613.791.1247 or email at info@emilieryancopywriting.com\" class=\"wp-image-72\" srcset=\"https:\/\/i0.wp.com\/emilieryancopywriting.com\/wp-content\/uploads\/2019\/05\/iStock-939206464_communication.jpg?w=186&amp;ssl=1 186w, https:\/\/i0.wp.com\/emilieryancopywriting.com\/wp-content\/uploads\/2019\/05\/iStock-939206464_communication.jpg?resize=150%2C150&amp;ssl=1 150w, https:\/\/i0.wp.com\/emilieryancopywriting.com\/wp-content\/uploads\/2019\/05\/iStock-939206464_communication.jpg?resize=50%2C50&amp;ssl=1 50w\" sizes=\"auto, (max-width: 186px) 100vw, 186px\" \/><\/figure><div class=\"wp-block-media-text__content\">\n<p class=\"has-medium-font-size\">Donc, mettez nos <strong>plus de 35 ann\u00e9es d'experiences clinique et en recherche<\/strong> au travail pour vous. Appelez Milena \u00e0 +1 613.791.1247, envoyez-nous une courriel \u00e0 <a rel=\"noreferrer noopener\" href=\"mailto:info@emilieryancopywriting.com\" target=\"_blank\">info@emilieryancopywriting.com<\/a> ou compl\u00e9tez <a href=\"https:\/\/emilieryancopywriting.com\/fr\/contactus\/\">ce formulaire<\/a>.<\/p>\n<\/div><\/div>\n\n\n\n<div class=\"wp-block-media-text alignwide\" style=\"grid-template-columns:31% auto\"><figure class=\"wp-block-media-text__media\"><img data-recalc-dims=\"1\" loading=\"lazy\" decoding=\"async\" width=\"560\" height=\"315\" data-attachment-id=\"195\" data-permalink=\"https:\/\/emilieryancopywriting.com\/fr\/home\/black-logo-bold-font\/#main\" data-orig-file=\"https:\/\/i0.wp.com\/emilieryancopywriting.com\/wp-content\/uploads\/2019\/10\/Black-logo-bold-font.png?fit=560%2C315&amp;ssl=1\" data-orig-size=\"560,315\" data-comments-opened=\"1\" data-image-meta=\"{&quot;aperture&quot;:&quot;0&quot;,&quot;credit&quot;:&quot;&quot;,&quot;camera&quot;:&quot;&quot;,&quot;caption&quot;:&quot;&quot;,&quot;created_timestamp&quot;:&quot;0&quot;,&quot;copyright&quot;:&quot;&quot;,&quot;focal_length&quot;:&quot;0&quot;,&quot;iso&quot;:&quot;0&quot;,&quot;shutter_speed&quot;:&quot;0&quot;,&quot;title&quot;:&quot;&quot;,&quot;orientation&quot;:&quot;0&quot;}\" data-image-title=\"SportCopywriters.com\" data-image-description=\"&lt;p&gt;SportCopywriters.com &amp;#8211; expert copywriting in the sport industry&lt;\/p&gt;\" data-image-caption=\"\" data-medium-file=\"https:\/\/i0.wp.com\/emilieryancopywriting.com\/wp-content\/uploads\/2019\/10\/Black-logo-bold-font.png?fit=300%2C169&amp;ssl=1\" data-large-file=\"https:\/\/i0.wp.com\/emilieryancopywriting.com\/wp-content\/uploads\/2019\/10\/Black-logo-bold-font.png?fit=560%2C315&amp;ssl=1\" src=\"https:\/\/i0.wp.com\/emilieryancopywriting.com\/wp-content\/uploads\/2019\/10\/Black-logo-bold-font.png?resize=560%2C315&#038;ssl=1\" alt=\"SportCopywriters.com\" class=\"wp-image-195\" srcset=\"https:\/\/i0.wp.com\/emilieryancopywriting.com\/wp-content\/uploads\/2019\/10\/Black-logo-bold-font.png?w=560&amp;ssl=1 560w, https:\/\/i0.wp.com\/emilieryancopywriting.com\/wp-content\/uploads\/2019\/10\/Black-logo-bold-font.png?resize=300%2C169&amp;ssl=1 300w\" sizes=\"auto, (max-width: 560px) 100vw, 560px\" \/><\/figure><div class=\"wp-block-media-text__content\">\n<p class=\"has-medium-font-size\">Si vous \u00eates int\u00e9ress\u00e9 par la r\u00e9daction sp\u00e9cifique au sport, veuillez consulter notre division sport \u00e0 <a href=\"https:\/\/sportcopywriters.com\/\" target=\"_blank\" aria-label=\"undefined (opens in a new tab)\" rel=\"noreferrer noopener\">SportCopywriters.com<\/a><\/p>\n<\/div><\/div>\n\n\n\n<p><\/p>","protected":false},"excerpt":{"rendered":"<p>Why Settle for an Average Copywriter When You Can Choose One \u2013 or Two \u2013 with Clinical Experience and Research Expertise to Help You and Your Clients thrive? Not enough time to get all your marketing or copywriting done? Or, not enough people to get it all done? Your Time is Limited. Get Your Health &#8230; <a title=\"Accueil\" class=\"read-more\" href=\"https:\/\/emilieryancopywriting.com\/fr\/\" aria-label=\"Read more about Home\">Continuer la lecture<\/a><\/p>","protected":false},"author":1,"featured_media":0,"parent":0,"menu_order":0,"comment_status":"closed","ping_status":"closed","template":"","meta":{"nf_dc_page":"","_monsterinsights_skip_tracking":false,"_monsterinsights_sitenote_active":false,"_monsterinsights_sitenote_note":"","_monsterinsights_sitenote_category":0,"jetpack_post_was_ever_published":false,"footnotes":""},"class_list":["post-5","page","type-page","status-publish"],"yoast_head":"<!-- This site is optimized with the Yoast SEO plugin v27.2 - https:\/\/yoast.com\/product\/yoast-seo-wordpress\/ -->\n<title>Home - Emilie Ryan Copywriting<\/title>\n<meta name=\"description\" content=\"The Emilie Ryan Copywriting team has clinical experience and research expertise to give you an edge over your competitors and help your clients thrive.\" \/>\n<meta name=\"robots\" content=\"index, follow, max-snippet:-1, max-image-preview:large, max-video-preview:-1\" \/>\n<link rel=\"canonical\" href=\"https:\/\/emilieryancopywriting.com\/fr\/\" \/>\n<meta property=\"og:locale\" content=\"fr_CA\" \/>\n<meta property=\"og:type\" content=\"article\" \/>\n<meta property=\"og:title\" content=\"Home - Emilie Ryan Copywriting\" \/>\n<meta property=\"og:description\" content=\"The Emilie Ryan Copywriting team has clinical experience and research expertise to give you an edge over your competitors and help your clients thrive.\" \/>\n<meta property=\"og:url\" content=\"https:\/\/emilieryancopywriting.com\/fr\/\" \/>\n<meta property=\"og:site_name\" content=\"Emilie Ryan Copywriting\" \/>\n<meta property=\"article:modified_time\" content=\"2020-07-28T15:04:41+00:00\" \/>\n<meta property=\"og:image\" content=\"https:\/\/emilieryancopywriting.com\/wp-content\/uploads\/2019\/05\/About.jpg\" \/>\n<meta name=\"twitter:card\" content=\"summary_large_image\" \/>\n<meta name=\"twitter:site\" content=\"@MilenaParent\" \/>\n<meta name=\"twitter:label1\" content=\"Estimation du temps de lecture\" \/>\n\t<meta name=\"twitter:data1\" content=\"2 minutes\" \/>\n<script type=\"application\/ld+json\" class=\"yoast-schema-graph\">{\"@context\":\"https:\/\/schema.org\",\"@graph\":[{\"@type\":\"WebPage\",\"@id\":\"https:\/\/emilieryancopywriting.com\/fr\/\",\"url\":\"https:\/\/emilieryancopywriting.com\/fr\/\",\"name\":\"Home - Emilie Ryan Copywriting\",\"isPartOf\":{\"@id\":\"https:\/\/emilieryancopywriting.com\/fr\/#website\"},\"primaryImageOfPage\":{\"@id\":\"https:\/\/emilieryancopywriting.com\/fr\/#primaryimage\"},\"image\":{\"@id\":\"https:\/\/emilieryancopywriting.com\/fr\/#primaryimage\"},\"thumbnailUrl\":\"https:\/\/emilieryancopywriting.com\/wp-content\/uploads\/2019\/05\/About.jpg\",\"datePublished\":\"2019-04-29T22:48:14+00:00\",\"dateModified\":\"2020-07-28T15:04:41+00:00\",\"description\":\"The Emilie Ryan Copywriting team has clinical experience and research expertise to give you an edge over your competitors and help your clients thrive.\",\"breadcrumb\":{\"@id\":\"https:\/\/emilieryancopywriting.com\/fr\/#breadcrumb\"},\"inLanguage\":\"fr-CA\",\"potentialAction\":[{\"@type\":\"ReadAction\",\"target\":[\"https:\/\/emilieryancopywriting.com\/fr\/\"]}]},{\"@type\":\"ImageObject\",\"inLanguage\":\"fr-CA\",\"@id\":\"https:\/\/emilieryancopywriting.com\/fr\/#primaryimage\",\"url\":\"https:\/\/emilieryancopywriting.com\/wp-content\/uploads\/2019\/05\/About.jpg\",\"contentUrl\":\"https:\/\/emilieryancopywriting.com\/wp-content\/uploads\/2019\/05\/About.jpg\"},{\"@type\":\"BreadcrumbList\",\"@id\":\"https:\/\/emilieryancopywriting.com\/fr\/#breadcrumb\",\"itemListElement\":[{\"@type\":\"ListItem\",\"position\":1,\"name\":\"Home\",\"item\":\"https:\/\/emilieryancopywriting.com\/fr\/\"},{\"@type\":\"ListItem\",\"position\":2,\"name\":\"Home\"}]},{\"@type\":\"WebSite\",\"@id\":\"https:\/\/emilieryancopywriting.com\/fr\/#website\",\"url\":\"https:\/\/emilieryancopywriting.com\/fr\/\",\"name\":\"Emilie Ryan Copywriting\",\"description\":\"Expert health industry copywriting and web content services\",\"publisher\":{\"@id\":\"https:\/\/emilieryancopywriting.com\/fr\/#organization\"},\"potentialAction\":[{\"@type\":\"SearchAction\",\"target\":{\"@type\":\"EntryPoint\",\"urlTemplate\":\"https:\/\/emilieryancopywriting.com\/fr\/?s={search_term_string}\"},\"query-input\":{\"@type\":\"PropertyValueSpecification\",\"valueRequired\":true,\"valueName\":\"search_term_string\"}}],\"inLanguage\":\"fr-CA\"},{\"@type\":\"Organization\",\"@id\":\"https:\/\/emilieryancopywriting.com\/fr\/#organization\",\"name\":\"Emilie Ryan Copywriting\",\"url\":\"https:\/\/emilieryancopywriting.com\/fr\/\",\"logo\":{\"@type\":\"ImageObject\",\"inLanguage\":\"fr-CA\",\"@id\":\"https:\/\/emilieryancopywriting.com\/fr\/#\/schema\/logo\/image\/\",\"url\":\"https:\/\/i0.wp.com\/emilieryancopywriting.com\/wp-content\/uploads\/2019\/04\/LogoWhiteImage-e1556579494665.png?fit=369%2C362&ssl=1\",\"contentUrl\":\"https:\/\/i0.wp.com\/emilieryancopywriting.com\/wp-content\/uploads\/2019\/04\/LogoWhiteImage-e1556579494665.png?fit=369%2C362&ssl=1\",\"width\":369,\"height\":362,\"caption\":\"Emilie Ryan Copywriting\"},\"image\":{\"@id\":\"https:\/\/emilieryancopywriting.com\/fr\/#\/schema\/logo\/image\/\"},\"sameAs\":[\"https:\/\/x.com\/MilenaParent\",\"https:\/\/www.instagram.com\/milenaparent\/\",\"https:\/\/www.linkedin.com\/in\/milenaparent\/\"]}]}<\/script>\n<!-- \/ Yoast SEO plugin. -->","yoast_head_json":{"title":"Home - Emilie Ryan Copywriting","description":"The Emilie Ryan Copywriting team has clinical experience and research expertise to give you an edge over your competitors and help your clients thrive.","robots":{"index":"index","follow":"follow","max-snippet":"max-snippet:-1","max-image-preview":"max-image-preview:large","max-video-preview":"max-video-preview:-1"},"canonical":"https:\/\/emilieryancopywriting.com\/fr\/","og_locale":"fr_CA","og_type":"article","og_title":"Home - Emilie Ryan Copywriting","og_description":"The Emilie Ryan Copywriting team has clinical experience and research expertise to give you an edge over your competitors and help your clients thrive.","og_url":"https:\/\/emilieryancopywriting.com\/fr\/","og_site_name":"Emilie Ryan Copywriting","article_modified_time":"2020-07-28T15:04:41+00:00","og_image":[{"url":"https:\/\/emilieryancopywriting.com\/wp-content\/uploads\/2019\/05\/About.jpg","type":"","width":"","height":""}],"twitter_card":"summary_large_image","twitter_site":"@MilenaParent","twitter_misc":{"Estimation du temps de lecture":"2 minutes"},"schema":{"@context":"https:\/\/schema.org","@graph":[{"@type":"WebPage","@id":"https:\/\/emilieryancopywriting.com\/fr\/","url":"https:\/\/emilieryancopywriting.com\/fr\/","name":"Home - Emilie Ryan Copywriting","isPartOf":{"@id":"https:\/\/emilieryancopywriting.com\/fr\/#website"},"primaryImageOfPage":{"@id":"https:\/\/emilieryancopywriting.com\/fr\/#primaryimage"},"image":{"@id":"https:\/\/emilieryancopywriting.com\/fr\/#primaryimage"},"thumbnailUrl":"https:\/\/emilieryancopywriting.com\/wp-content\/uploads\/2019\/05\/About.jpg","datePublished":"2019-04-29T22:48:14+00:00","dateModified":"2020-07-28T15:04:41+00:00","description":"The Emilie Ryan Copywriting team has clinical experience and research expertise to give you an edge over your competitors and help your clients thrive.","breadcrumb":{"@id":"https:\/\/emilieryancopywriting.com\/fr\/#breadcrumb"},"inLanguage":"fr-CA","potentialAction":[{"@type":"ReadAction","target":["https:\/\/emilieryancopywriting.com\/fr\/"]}]},{"@type":"ImageObject","inLanguage":"fr-CA","@id":"https:\/\/emilieryancopywriting.com\/fr\/#primaryimage","url":"https:\/\/emilieryancopywriting.com\/wp-content\/uploads\/2019\/05\/About.jpg","contentUrl":"https:\/\/emilieryancopywriting.com\/wp-content\/uploads\/2019\/05\/About.jpg"},{"@type":"BreadcrumbList","@id":"https:\/\/emilieryancopywriting.com\/fr\/#breadcrumb","itemListElement":[{"@type":"ListItem","position":1,"name":"Home","item":"https:\/\/emilieryancopywriting.com\/fr\/"},{"@type":"ListItem","position":2,"name":"Home"}]},{"@type":"WebSite","@id":"https:\/\/emilieryancopywriting.com\/fr\/#website","url":"https:\/\/emilieryancopywriting.com\/fr\/","name":"Emilie Ryan Copywriting","description":"Expert health industry copywriting and web content services","publisher":{"@id":"https:\/\/emilieryancopywriting.com\/fr\/#organization"},"potentialAction":[{"@type":"SearchAction","target":{"@type":"EntryPoint","urlTemplate":"https:\/\/emilieryancopywriting.com\/fr\/?s={search_term_string}"},"query-input":{"@type":"PropertyValueSpecification","valueRequired":true,"valueName":"search_term_string"}}],"inLanguage":"fr-CA"},{"@type":"Organization","@id":"https:\/\/emilieryancopywriting.com\/fr\/#organization","name":"Emilie Ryan Copywriting","url":"https:\/\/emilieryancopywriting.com\/fr\/","logo":{"@type":"ImageObject","inLanguage":"fr-CA","@id":"https:\/\/emilieryancopywriting.com\/fr\/#\/schema\/logo\/image\/","url":"https:\/\/i0.wp.com\/emilieryancopywriting.com\/wp-content\/uploads\/2019\/04\/LogoWhiteImage-e1556579494665.png?fit=369%2C362&ssl=1","contentUrl":"https:\/\/i0.wp.com\/emilieryancopywriting.com\/wp-content\/uploads\/2019\/04\/LogoWhiteImage-e1556579494665.png?fit=369%2C362&ssl=1","width":369,"height":362,"caption":"Emilie Ryan Copywriting"},"image":{"@id":"https:\/\/emilieryancopywriting.com\/fr\/#\/schema\/logo\/image\/"},"sameAs":["https:\/\/x.com\/MilenaParent","https:\/\/www.instagram.com\/milenaparent\/","https:\/\/www.linkedin.com\/in\/milenaparent\/"]}]}},"jetpack_sharing_enabled":true,"jetpack_shortlink":"https:\/\/wp.me\/PaW7yY-5","amp_enabled":false,"_links":{"self":[{"href":"https:\/\/emilieryancopywriting.com\/fr\/wp-json\/wp\/v2\/pages\/5","targetHints":{"allow":["GET"]}}],"collection":[{"href":"https:\/\/emilieryancopywriting.com\/fr\/wp-json\/wp\/v2\/pages"}],"about":[{"href":"https:\/\/emilieryancopywriting.com\/fr\/wp-json\/wp\/v2\/types\/page"}],"author":[{"embeddable":true,"href":"https:\/\/emilieryancopywriting.com\/fr\/wp-json\/wp\/v2\/users\/1"}],"replies":[{"embeddable":true,"href":"https:\/\/emilieryancopywriting.com\/fr\/wp-json\/wp\/v2\/comments?post=5"}],"version-history":[{"count":4,"href":"https:\/\/emilieryancopywriting.com\/fr\/wp-json\/wp\/v2\/pages\/5\/revisions"}],"predecessor-version":[{"id":309,"href":"https:\/\/emilieryancopywriting.com\/fr\/wp-json\/wp\/v2\/pages\/5\/revisions\/309"}],"wp:attachment":[{"href":"https:\/\/emilieryancopywriting.com\/fr\/wp-json\/wp\/v2\/media?parent=5"}],"curies":[{"name":"wp","href":"https:\/\/api.w.org\/{rel}","templated":true}]}}