{"id":47,"date":"2019-05-10T16:25:38","date_gmt":"2019-05-10T20:25:38","guid":{"rendered":"https:\/\/emilieryancopywriting.com\/?page_id=47"},"modified":"2024-08-09T11:25:46","modified_gmt":"2024-08-09T15:25:46","slug":"faq-2","status":"publish","type":"page","link":"https:\/\/emilieryancopywriting.com\/fr\/faq-2\/","title":{"rendered":"Foire aux questions"},"content":{"rendered":"<div class=\"wp-block-image\">\n<figure class=\"aligncenter is-resized\"><img data-recalc-dims=\"1\" loading=\"lazy\" decoding=\"async\" width=\"848\" height=\"565\" data-attachment-id=\"38\" data-permalink=\"https:\/\/emilieryancopywriting.com\/fr\/faq\/\" data-orig-file=\"https:\/\/i0.wp.com\/emilieryancopywriting.com\/wp-content\/uploads\/2019\/05\/iStock_70892425_SMALL.jpg?fit=848%2C565&amp;ssl=1\" data-orig-size=\"848,565\" data-comments-opened=\"1\" data-image-meta=\"{&quot;aperture&quot;:&quot;14&quot;,&quot;credit&quot;:&quot;Getty Images\\\/iStockphoto&quot;,&quot;camera&quot;:&quot;Canon EOS 60D&quot;,&quot;caption&quot;:&quot;Faq appearing behind blue color paper&quot;,&quot;created_timestamp&quot;:&quot;1411395427&quot;,&quot;copyright&quot;:&quot;dolphfyn&quot;,&quot;focal_length&quot;:&quot;50&quot;,&quot;iso&quot;:&quot;100&quot;,&quot;shutter_speed&quot;:&quot;5&quot;,&quot;title&quot;:&quot;FAQ&quot;,&quot;orientation&quot;:&quot;1&quot;}\" data-image-title=\"FAQ\" data-image-description=\"&lt;p&gt;Faq appearing behind blue color paper&lt;\/p&gt;\" data-image-caption=\"\" data-medium-file=\"https:\/\/i0.wp.com\/emilieryancopywriting.com\/wp-content\/uploads\/2019\/05\/iStock_70892425_SMALL.jpg?fit=300%2C200&amp;ssl=1\" data-large-file=\"https:\/\/i0.wp.com\/emilieryancopywriting.com\/wp-content\/uploads\/2019\/05\/iStock_70892425_SMALL.jpg?fit=848%2C565&amp;ssl=1\" src=\"https:\/\/i0.wp.com\/emilieryancopywriting.com\/wp-content\/uploads\/2019\/05\/iStock_70892425_SMALL.jpg?resize=848%2C565&#038;ssl=1\" alt=\"FAQs about Emilie Ryan Copywriting\" class=\"wp-image-38\" style=\"width:636px;height:424px\" srcset=\"https:\/\/i0.wp.com\/emilieryancopywriting.com\/wp-content\/uploads\/2019\/05\/iStock_70892425_SMALL.jpg?w=848&amp;ssl=1 848w, https:\/\/i0.wp.com\/emilieryancopywriting.com\/wp-content\/uploads\/2019\/05\/iStock_70892425_SMALL.jpg?resize=300%2C200&amp;ssl=1 300w, https:\/\/i0.wp.com\/emilieryancopywriting.com\/wp-content\/uploads\/2019\/05\/iStock_70892425_SMALL.jpg?resize=768%2C512&amp;ssl=1 768w\" sizes=\"auto, (max-width: 848px) 100vw, 848px\" \/><\/figure>\n<\/div>\n\n\n<h2 class=\"wp-block-heading has-text-align-center\"><strong>Avez-vous des questions sur nous, nos services de r\u00e9daction publicitaire et de contenu Web ou notre fonctionnement?<\/strong> <\/h2>\n\n\n\n<p class=\"has-medium-font-size\"><em><a rel=\"noreferrer noopener\" aria-label=\"Contact us (opens in a new tab)\" href=\"https:\/\/emilieryancopywriting.com\/fr\/contactus\/\" target=\"_blank\">Communiquez avec nous<\/a> ou trouvez vos r\u00e9ponses ci-dessous.<\/em><\/p>\n\n\n\n<h3 class=\"wp-block-heading\"><strong>Qu'est-ce qui vous distingue?<\/strong><\/h3>\n\n\n\n<p class=\"\">Nous avons des dipl\u00f4mes en psychologie, gestion et physiologie. Nous avons \u00e9galement des doctorats, la plus haute d\u00e9signation de comp\u00e9tences en recherche de qualit\u00e9, en psychologie et en gestion du sport. <\/p>\n\n\n\n<p class=\"\">Nous avons \u00e9chang\u00e9 professionnellement et personnellement avec de nombreux professionnels de la sant\u00e9, tels que m\u00e9decins, chirurgiens, physioth\u00e9rapeutes, psychologues, massoth\u00e9rapeutes, th\u00e9rapeutes du sport, nutritionnistes, acupuncteurs, optom\u00e9tristes et orth\u00e9sistes. Nous comprenons la science et pouvons la traduire dans le langage de vos clients.<\/p>\n\n\n\n<h3 class=\"wp-block-heading\"><strong>Connaissez-vous mon domaine?<\/strong><\/h3>\n\n\n\n<p class=\"\">John est un <strong>psychologue<\/strong>. Faut-il en dire plus?<\/p>\n\n\n\n<p class=\"\">Plus s\u00e9rieusement, nous sommes \u00e9galement d\u2019anciens athl\u00e8tes de comp\u00e9tition dans une vari\u00e9t\u00e9 de sports (football \/ soccer, patinage artistique, rugby, athl\u00e9tisme). Aujourd'hui, nous participons \u00e0 des activit\u00e9s de mise en forme (gymnase, yoga, pilates), au golf et au cyclisme. Nous avons \u00e9galement une fille qui a eu besoin de soins de sant\u00e9 sp\u00e9ciaux. Cela signifie que nous avons eu une exp\u00e9rience personnelle avec divers professionnels de l'industrie de la sant\u00e9.<\/p>\n\n\n\n<p class=\"\">Cette vaste exp\u00e9rience clinique, professionnelle et personnelle signifie que nous poss\u00e9dons l'exp\u00e9rience, l'expertise, les connaissances et les comp\u00e9tences en mati\u00e8re de recherche qui informent nos services de r\u00e9daction, de recherche et de conseil. <\/p>\n\n\n\n<p class=\"\">En somme, <strong>nous connaissons le secteur de la sant\u00e9<\/strong>!<\/p>\n\n\n\n<h3 class=\"wp-block-heading\"><strong>Avez-vous des sp\u00e9cialit\u00e9s?<\/strong><\/h3>\n\n\n\n<p class=\"\">Nous sommes sp\u00e9cialis\u00e9s dans les livres blancs, les \u00e9tudes de cas et les revues de sites Web (audits). Nous sommes l'un des rares r\u00e9dacteurs \u00e0 \u00eatre v\u00e9rifi\u00e9s par l'AWAI pour les livres blancs, apr\u00e8s avoir \u00e9t\u00e9 form\u00e9s par l'expert mondial, <a aria-label=\"undefined (opens in a new tab)\" href=\"https:\/\/thatwhitepaperguy.com\/\" target=\"_blank\" rel=\"noreferrer noopener\">Gordon Graham \u2013 That White Paper Guy<\/a>.<\/p>\n\n\n\n<h3 class=\"wp-block-heading\"><strong>Quels services offrez-vous?<\/strong><\/h3>\n\n\n\n<p class=\"\">Nous offrons divers services de r\u00e9daction de contenu B2B et de marketing de contenu Web. Nous sommes sp\u00e9cialis\u00e9s dans les livres blancs, les \u00e9tudes de cas et les audits de sites Web.<\/p>\n\n\n\n<p class=\"\">Nous proposons \u00e9galement des services de conseil et de recherche destin\u00e9s \u00e0 vous aider \u00e0 r\u00e9pondre \u00e0 vos questions ou \u00e0 vous guider dans vos activit\u00e9s de planification strat\u00e9gique, de gouvernance et \/ ou de marketing et de strat\u00e9gie de marque.<\/p>\n\n\n\n<h3 class=\"wp-block-heading\"><strong>\u00c0 quoi puis-je m'attendre en travaillant avec vous?<\/strong><\/h3>\n\n\n\n<p class=\"\">Nous travaillerons en partenariat avec vous pour vous aider \u00e0 atteindre vos objectifs. <\/p>\n\n\n\n<p class=\"\">Nous aurons une discussion initiale puis cr\u00e9erons un plan d\u2019action pour le projet avec un contrat mutuellement convenu. <\/p>\n\n\n\n<p class=\"\">Pour commencer le projet, nous effectuerons une recherche de base approfondie, utiliserons des comp\u00e9tences de pointe en recherche et en r\u00e9daction, et ex\u00e9cuterons le projet dans les d\u00e9lais prescrits. <\/p>\n\n\n\n<h3 class=\"wp-block-heading\"><strong>Et si je veux faire des r\u00e9visions?<\/strong><\/h3>\n\n\n\n<p class=\"\">Deux s\u00e9ries de r\u00e9visions sont int\u00e9gr\u00e9es \u00e0 chaque projet, avec un ou des r\u00e9viseurs pr\u00e9\u00e9tablis et d\u00e9sign\u00e9s par vous. Ces r\u00e9viseurs devraient faire partie du processus d\u00e8s le d\u00e9but de projet pour l'efficacit\u00e9 et l'efficience du processus. <\/p>\n\n\n\n<h3 class=\"wp-block-heading\"><strong>Combien est-ce que \u00e7a co\u00fbte?<\/strong><\/h3>\n\n\n\n<p class=\"\">Chaque projet est unique. Les co\u00fbts des projets sont bas\u00e9s sur la valeur, et non sur le temps pass\u00e9, ce qui signifie que le co\u00fbt du projet est \u00e9tabli en fonction du retour sur investissement du produit final et de la valeur qu'il vous apporte. Plus pr\u00e9cis\u00e9ment, les co\u00fbts tiennent compte des besoins, de la port\u00e9e et des d\u00e9lais du projet. Pour avoir une id\u00e9e des co\u00fbts standard de l'industrie pour divers projets de haute qualit\u00e9, voir <a href=\"https:\/\/www.awai.com\/copywriter-rates\/?gad_source=1&amp;gclid=CjwKCAjw_Na1BhAlEiwAM-dm7IoTzR4biVd3bG0QviWZy_W6nVB_zgb4sguVzW24Hv3vRUDyPU3EShoC7wwQAvD_BwE\" target=\"_blank\" rel=\"noreferrer noopener\">AWAI<\/a>.<\/p>\n\n\n\n<h3 class=\"wp-block-heading\"><strong>J'ai un d\u00e9lai serr\u00e9. Pouvez-vous aider\net facturez-vous plus cher pour les travaux urgents?<\/strong><\/h3>\n\n\n\n<p class=\"\">Nous sommes fiers de respecter les d\u00e9lais, nous allons donc \u00eatre honn\u00eates avec vous quant \u00e0 vos attentes et savoir s\u2019il est possible de terminer votre projet dans les d\u00e9lais prescrits. Normalement, nous avons besoin d'un d\u00e9lai de 3 semaines pour d\u00e9marrer le projet. Si nous pouvons le faire, nous ferons de notre mieux pour mener \u00e0 bien votre projet dans les temps.<\/p>\n\n\n\n<p class=\"\">Selon vos besoins pour votre projet urgent, cela peut signifier un co\u00fbt suppl\u00e9mentaire de 20 \u00e0 25%. Mais les sp\u00e9cificit\u00e9s d\u00e9pendent de la port\u00e9e et des d\u00e9tails du projet. Alors appelez-nous directement au +1 (613) 791-1247 pour en parler, \u00e9crivez-nous \u00e0 <a aria-label=\" (opens in a new tab)\" href=\"mailto:info@emilieryancopywriting.com\" target=\"_blank\" rel=\"noreferrer noopener\">info@emilieryancopywriting.com<\/a> ou compl\u00e9tez <a aria-label=\"the contact form (opens in a new tab)\" href=\"https:\/\/emilieryancopywriting.com\/fr\/contactus\/\" target=\"_blank\" rel=\"noreferrer noopener\">ce formulaire<\/a>.<\/p>\n\n\n\n<h3 class=\"wp-block-heading\"><strong>Pouvez-vous aussi faire du design?<\/strong><\/h3>\n\n\n\n<p class=\"\">Notre expertise se centre sur la r\u00e9daction, le contenu Web et la recherche \/ les conseils.<\/p>\n\n\n\n<p class=\"\">Nous proposons \u00e9galement la conception de sites Web, notamment des suggestions de dispositions des pages Web ou des id\u00e9es d\u2019images. Si vous avez besoin de conceptions plus \u00e9labor\u00e9es, nous pouvons vous sugg\u00e9rer des graphistes pour travailler sur le projet avec nous.<\/p>\n\n\n\n<h3 class=\"wp-block-heading\"><strong>Comment puis-je vous embaucher? Dois-je signer un contrat? Demandez-vous de l'argent d\u00e8s le d\u00e9part?<\/strong><\/h3>\n\n\n\n<p class=\"\">C'est simple. Si vous \u00eates int\u00e9ress\u00e9s par nos services, appelez-nous directement au +1 (613) 791-1247, \u00e9crivez-nous \u00e0 <a href=\"mailto:info@emilieryancopywriting.com\">info@emilieryancopywriting.com<\/a> ou compl\u00e9tez <a rel=\"noreferrer noopener\" aria-label=\"this contact form (opens in a new tab)\" href=\"https:\/\/emilieryancopywriting.com\/fr\/contactus\/\" target=\"_blank\">ce formulaire<\/a>. Nous pouvons ensuite avoir une discussion initiale pour \u00e9tablir vos besoins et la port\u00e9e du projet. <\/p>\n\n\n\n<p class=\"\">Si cela convient, nous signerons un contrat qui d\u00e9taille les param\u00e8tres du projet et les attentes. Comme c'est le standard dans le secteur de la r\u00e9daction, la moiti\u00e9 du co\u00fbt du projet est n\u00e9cessaire pour retenir nos services.<\/p>\n\n\n\n<div class=\"alignwide wp-block-media-text\" style=\"grid-template-columns:23% auto\"><figure class=\"wp-block-media-text__media\"><img data-recalc-dims=\"1\" loading=\"lazy\" decoding=\"async\" width=\"186\" height=\"186\" data-attachment-id=\"72\" data-permalink=\"https:\/\/emilieryancopywriting.com\/fr\/home\/business-icon-set\/#main\" data-orig-file=\"https:\/\/i0.wp.com\/emilieryancopywriting.com\/wp-content\/uploads\/2019\/05\/iStock-939206464_communication.jpg?fit=186%2C186&amp;ssl=1\" data-orig-size=\"186,186\" data-comments-opened=\"1\" data-image-meta=\"{&quot;aperture&quot;:&quot;0&quot;,&quot;credit&quot;:&quot;Getty Images\\\/iStockphoto&quot;,&quot;camera&quot;:&quot;&quot;,&quot;caption&quot;:&quot;Business icon set&quot;,&quot;created_timestamp&quot;:&quot;1557486963&quot;,&quot;copyright&quot;:&quot;&quot;,&quot;focal_length&quot;:&quot;0&quot;,&quot;iso&quot;:&quot;0&quot;,&quot;shutter_speed&quot;:&quot;0&quot;,&quot;title&quot;:&quot;Business icon set&quot;,&quot;orientation&quot;:&quot;1&quot;}\" data-image-title=\"Contact us\" data-image-description=\"&lt;p&gt;Contact us to talk about your needs&lt;\/p&gt;\" data-image-caption=\"\" data-medium-file=\"https:\/\/i0.wp.com\/emilieryancopywriting.com\/wp-content\/uploads\/2019\/05\/iStock-939206464_communication.jpg?fit=186%2C186&amp;ssl=1\" data-large-file=\"https:\/\/i0.wp.com\/emilieryancopywriting.com\/wp-content\/uploads\/2019\/05\/iStock-939206464_communication.jpg?fit=186%2C186&amp;ssl=1\" src=\"https:\/\/i0.wp.com\/emilieryancopywriting.com\/wp-content\/uploads\/2019\/05\/iStock-939206464_communication.jpg?resize=186%2C186&#038;ssl=1\" alt=\"Contact us\" class=\"wp-image-72 size-full\" srcset=\"https:\/\/i0.wp.com\/emilieryancopywriting.com\/wp-content\/uploads\/2019\/05\/iStock-939206464_communication.jpg?w=186&amp;ssl=1 186w, https:\/\/i0.wp.com\/emilieryancopywriting.com\/wp-content\/uploads\/2019\/05\/iStock-939206464_communication.jpg?resize=150%2C150&amp;ssl=1 150w, https:\/\/i0.wp.com\/emilieryancopywriting.com\/wp-content\/uploads\/2019\/05\/iStock-939206464_communication.jpg?resize=50%2C50&amp;ssl=1 50w\" sizes=\"auto, (max-width: 186px) 100vw, 186px\" \/><\/figure><div class=\"wp-block-media-text__content\">\n<p class=\"has-medium-font-size\">Int\u00e9ress\u00e9s par nos services? \u00c9crivez-nous \u00e0 <a href=\"mailto:info@emilieryancopywriting.com\">info@emilieryancopywriting.com<\/a>, appelez-nous au +1 (613) 791-1247 ou contactez-nous <a rel=\"noreferrer noopener\" href=\"https:\/\/emilieryancopywriting.com\/fr\/contactus\/\" target=\"_blank\">en utilisant ce formulaire<\/a>. <\/p>\n<\/div><\/div>","protected":false},"excerpt":{"rendered":"<p>Do you have questions about us, our copywriting and web content services, or how we work? Contact us or find your answers below. What sets you apart? We have degrees in psychology, management, and physiology. We also have Ph.D.\u2019s, the highest designation of quality research skills, in psychology and sport management. We have interacted professionally &#8230; <a title=\"Foire aux questions\" class=\"read-more\" href=\"https:\/\/emilieryancopywriting.com\/fr\/faq-2\/\" aria-label=\"Read more about FAQ\">Continuer la lecture<\/a><\/p>","protected":false},"author":1,"featured_media":0,"parent":0,"menu_order":0,"comment_status":"closed","ping_status":"closed","template":"","meta":{"nf_dc_page":"","_monsterinsights_skip_tracking":false,"_monsterinsights_sitenote_active":false,"_monsterinsights_sitenote_note":"","_monsterinsights_sitenote_category":0,"jetpack_post_was_ever_published":false,"footnotes":""},"class_list":["post-47","page","type-page","status-publish"],"yoast_head":"<!-- This site is optimized with the Yoast SEO plugin v27.2 - https:\/\/yoast.com\/product\/yoast-seo-wordpress\/ -->\n<title>FAQ - Emilie Ryan Copywriting<\/title>\n<meta name=\"description\" content=\"Emilie Ryan Copywriting offers B2B copywriting and web content services for the health industry. Find answers to frequently asked questions here.\" \/>\n<meta name=\"robots\" content=\"index, follow, max-snippet:-1, max-image-preview:large, max-video-preview:-1\" \/>\n<link rel=\"canonical\" href=\"https:\/\/emilieryancopywriting.com\/fr\/faq-2\/\" \/>\n<meta property=\"og:locale\" content=\"fr_CA\" \/>\n<meta property=\"og:type\" content=\"article\" \/>\n<meta property=\"og:title\" content=\"FAQ - Emilie Ryan Copywriting\" \/>\n<meta property=\"og:description\" content=\"Emilie Ryan Copywriting offers B2B copywriting and web content services for the health industry. Find answers to frequently asked questions here.\" \/>\n<meta property=\"og:url\" content=\"https:\/\/emilieryancopywriting.com\/fr\/faq-2\/\" \/>\n<meta property=\"og:site_name\" content=\"Emilie Ryan Copywriting\" \/>\n<meta property=\"article:modified_time\" content=\"2024-08-09T15:25:46+00:00\" \/>\n<meta property=\"og:image\" content=\"https:\/\/emilieryancopywriting.com\/wp-content\/uploads\/2019\/05\/iStock_70892425_SMALL.jpg\" \/>\n<meta name=\"twitter:card\" content=\"summary_large_image\" \/>\n<meta name=\"twitter:site\" content=\"@MilenaParent\" \/>\n<meta name=\"twitter:label1\" content=\"Estimation du temps de lecture\" \/>\n\t<meta name=\"twitter:data1\" content=\"4 minutes\" \/>\n<script type=\"application\/ld+json\" class=\"yoast-schema-graph\">{\"@context\":\"https:\/\/schema.org\",\"@graph\":[{\"@type\":\"WebPage\",\"@id\":\"https:\/\/emilieryancopywriting.com\/faq-2\/\",\"url\":\"https:\/\/emilieryancopywriting.com\/faq-2\/\",\"name\":\"FAQ - Emilie Ryan Copywriting\",\"isPartOf\":{\"@id\":\"https:\/\/emilieryancopywriting.com\/fr\/#website\"},\"primaryImageOfPage\":{\"@id\":\"https:\/\/emilieryancopywriting.com\/faq-2\/#primaryimage\"},\"image\":{\"@id\":\"https:\/\/emilieryancopywriting.com\/faq-2\/#primaryimage\"},\"thumbnailUrl\":\"https:\/\/emilieryancopywriting.com\/wp-content\/uploads\/2019\/05\/iStock_70892425_SMALL.jpg\",\"datePublished\":\"2019-05-10T20:25:38+00:00\",\"dateModified\":\"2024-08-09T15:25:46+00:00\",\"description\":\"Emilie Ryan Copywriting offers B2B copywriting and web content services for the health industry. Find answers to frequently asked questions here.\",\"breadcrumb\":{\"@id\":\"https:\/\/emilieryancopywriting.com\/faq-2\/#breadcrumb\"},\"inLanguage\":\"fr-CA\",\"potentialAction\":[{\"@type\":\"ReadAction\",\"target\":[\"https:\/\/emilieryancopywriting.com\/faq-2\/\"]}]},{\"@type\":\"ImageObject\",\"inLanguage\":\"fr-CA\",\"@id\":\"https:\/\/emilieryancopywriting.com\/faq-2\/#primaryimage\",\"url\":\"https:\/\/emilieryancopywriting.com\/wp-content\/uploads\/2019\/05\/iStock_70892425_SMALL.jpg\",\"contentUrl\":\"https:\/\/emilieryancopywriting.com\/wp-content\/uploads\/2019\/05\/iStock_70892425_SMALL.jpg\"},{\"@type\":\"BreadcrumbList\",\"@id\":\"https:\/\/emilieryancopywriting.com\/faq-2\/#breadcrumb\",\"itemListElement\":[{\"@type\":\"ListItem\",\"position\":1,\"name\":\"Home\",\"item\":\"https:\/\/emilieryancopywriting.com\/fr\/\"},{\"@type\":\"ListItem\",\"position\":2,\"name\":\"FAQ\"}]},{\"@type\":\"WebSite\",\"@id\":\"https:\/\/emilieryancopywriting.com\/fr\/#website\",\"url\":\"https:\/\/emilieryancopywriting.com\/fr\/\",\"name\":\"Emilie Ryan Copywriting\",\"description\":\"Expert health industry copywriting and web content services\",\"publisher\":{\"@id\":\"https:\/\/emilieryancopywriting.com\/fr\/#organization\"},\"potentialAction\":[{\"@type\":\"SearchAction\",\"target\":{\"@type\":\"EntryPoint\",\"urlTemplate\":\"https:\/\/emilieryancopywriting.com\/fr\/?s={search_term_string}\"},\"query-input\":{\"@type\":\"PropertyValueSpecification\",\"valueRequired\":true,\"valueName\":\"search_term_string\"}}],\"inLanguage\":\"fr-CA\"},{\"@type\":\"Organization\",\"@id\":\"https:\/\/emilieryancopywriting.com\/fr\/#organization\",\"name\":\"Emilie Ryan Copywriting\",\"url\":\"https:\/\/emilieryancopywriting.com\/fr\/\",\"logo\":{\"@type\":\"ImageObject\",\"inLanguage\":\"fr-CA\",\"@id\":\"https:\/\/emilieryancopywriting.com\/fr\/#\/schema\/logo\/image\/\",\"url\":\"https:\/\/i0.wp.com\/emilieryancopywriting.com\/wp-content\/uploads\/2019\/04\/LogoWhiteImage-e1556579494665.png?fit=369%2C362&ssl=1\",\"contentUrl\":\"https:\/\/i0.wp.com\/emilieryancopywriting.com\/wp-content\/uploads\/2019\/04\/LogoWhiteImage-e1556579494665.png?fit=369%2C362&ssl=1\",\"width\":369,\"height\":362,\"caption\":\"Emilie Ryan Copywriting\"},\"image\":{\"@id\":\"https:\/\/emilieryancopywriting.com\/fr\/#\/schema\/logo\/image\/\"},\"sameAs\":[\"https:\/\/x.com\/MilenaParent\",\"https:\/\/www.instagram.com\/milenaparent\/\",\"https:\/\/www.linkedin.com\/in\/milenaparent\/\"]}]}<\/script>\n<!-- \/ Yoast SEO plugin. -->","yoast_head_json":{"title":"FAQ - Emilie Ryan Copywriting","description":"Emilie Ryan Copywriting offers B2B copywriting and web content services for the health industry. Find answers to frequently asked questions here.","robots":{"index":"index","follow":"follow","max-snippet":"max-snippet:-1","max-image-preview":"max-image-preview:large","max-video-preview":"max-video-preview:-1"},"canonical":"https:\/\/emilieryancopywriting.com\/fr\/faq-2\/","og_locale":"fr_CA","og_type":"article","og_title":"FAQ - Emilie Ryan Copywriting","og_description":"Emilie Ryan Copywriting offers B2B copywriting and web content services for the health industry. Find answers to frequently asked questions here.","og_url":"https:\/\/emilieryancopywriting.com\/fr\/faq-2\/","og_site_name":"Emilie Ryan Copywriting","article_modified_time":"2024-08-09T15:25:46+00:00","og_image":[{"url":"https:\/\/emilieryancopywriting.com\/wp-content\/uploads\/2019\/05\/iStock_70892425_SMALL.jpg","type":"","width":"","height":""}],"twitter_card":"summary_large_image","twitter_site":"@MilenaParent","twitter_misc":{"Estimation du temps de lecture":"4 minutes"},"schema":{"@context":"https:\/\/schema.org","@graph":[{"@type":"WebPage","@id":"https:\/\/emilieryancopywriting.com\/faq-2\/","url":"https:\/\/emilieryancopywriting.com\/faq-2\/","name":"FAQ - Emilie Ryan Copywriting","isPartOf":{"@id":"https:\/\/emilieryancopywriting.com\/fr\/#website"},"primaryImageOfPage":{"@id":"https:\/\/emilieryancopywriting.com\/faq-2\/#primaryimage"},"image":{"@id":"https:\/\/emilieryancopywriting.com\/faq-2\/#primaryimage"},"thumbnailUrl":"https:\/\/emilieryancopywriting.com\/wp-content\/uploads\/2019\/05\/iStock_70892425_SMALL.jpg","datePublished":"2019-05-10T20:25:38+00:00","dateModified":"2024-08-09T15:25:46+00:00","description":"Emilie Ryan Copywriting offers B2B copywriting and web content services for the health industry. Find answers to frequently asked questions here.","breadcrumb":{"@id":"https:\/\/emilieryancopywriting.com\/faq-2\/#breadcrumb"},"inLanguage":"fr-CA","potentialAction":[{"@type":"ReadAction","target":["https:\/\/emilieryancopywriting.com\/faq-2\/"]}]},{"@type":"ImageObject","inLanguage":"fr-CA","@id":"https:\/\/emilieryancopywriting.com\/faq-2\/#primaryimage","url":"https:\/\/emilieryancopywriting.com\/wp-content\/uploads\/2019\/05\/iStock_70892425_SMALL.jpg","contentUrl":"https:\/\/emilieryancopywriting.com\/wp-content\/uploads\/2019\/05\/iStock_70892425_SMALL.jpg"},{"@type":"BreadcrumbList","@id":"https:\/\/emilieryancopywriting.com\/faq-2\/#breadcrumb","itemListElement":[{"@type":"ListItem","position":1,"name":"Home","item":"https:\/\/emilieryancopywriting.com\/fr\/"},{"@type":"ListItem","position":2,"name":"FAQ"}]},{"@type":"WebSite","@id":"https:\/\/emilieryancopywriting.com\/fr\/#website","url":"https:\/\/emilieryancopywriting.com\/fr\/","name":"Emilie Ryan Copywriting","description":"Expert health industry copywriting and web content services","publisher":{"@id":"https:\/\/emilieryancopywriting.com\/fr\/#organization"},"potentialAction":[{"@type":"SearchAction","target":{"@type":"EntryPoint","urlTemplate":"https:\/\/emilieryancopywriting.com\/fr\/?s={search_term_string}"},"query-input":{"@type":"PropertyValueSpecification","valueRequired":true,"valueName":"search_term_string"}}],"inLanguage":"fr-CA"},{"@type":"Organization","@id":"https:\/\/emilieryancopywriting.com\/fr\/#organization","name":"Emilie Ryan Copywriting","url":"https:\/\/emilieryancopywriting.com\/fr\/","logo":{"@type":"ImageObject","inLanguage":"fr-CA","@id":"https:\/\/emilieryancopywriting.com\/fr\/#\/schema\/logo\/image\/","url":"https:\/\/i0.wp.com\/emilieryancopywriting.com\/wp-content\/uploads\/2019\/04\/LogoWhiteImage-e1556579494665.png?fit=369%2C362&ssl=1","contentUrl":"https:\/\/i0.wp.com\/emilieryancopywriting.com\/wp-content\/uploads\/2019\/04\/LogoWhiteImage-e1556579494665.png?fit=369%2C362&ssl=1","width":369,"height":362,"caption":"Emilie Ryan Copywriting"},"image":{"@id":"https:\/\/emilieryancopywriting.com\/fr\/#\/schema\/logo\/image\/"},"sameAs":["https:\/\/x.com\/MilenaParent","https:\/\/www.instagram.com\/milenaparent\/","https:\/\/www.linkedin.com\/in\/milenaparent\/"]}]}},"jetpack_sharing_enabled":true,"jetpack_shortlink":"https:\/\/wp.me\/PaW7yY-L","amp_enabled":true,"_links":{"self":[{"href":"https:\/\/emilieryancopywriting.com\/fr\/wp-json\/wp\/v2\/pages\/47","targetHints":{"allow":["GET"]}}],"collection":[{"href":"https:\/\/emilieryancopywriting.com\/fr\/wp-json\/wp\/v2\/pages"}],"about":[{"href":"https:\/\/emilieryancopywriting.com\/fr\/wp-json\/wp\/v2\/types\/page"}],"author":[{"embeddable":true,"href":"https:\/\/emilieryancopywriting.com\/fr\/wp-json\/wp\/v2\/users\/1"}],"replies":[{"embeddable":true,"href":"https:\/\/emilieryancopywriting.com\/fr\/wp-json\/wp\/v2\/comments?post=47"}],"version-history":[{"count":5,"href":"https:\/\/emilieryancopywriting.com\/fr\/wp-json\/wp\/v2\/pages\/47\/revisions"}],"predecessor-version":[{"id":1886,"href":"https:\/\/emilieryancopywriting.com\/fr\/wp-json\/wp\/v2\/pages\/47\/revisions\/1886"}],"wp:attachment":[{"href":"https:\/\/emilieryancopywriting.com\/fr\/wp-json\/wp\/v2\/media?parent=47"}],"curies":[{"name":"wp","href":"https:\/\/api.w.org\/{rel}","templated":true}]}}