{"id":110,"date":"2019-05-11T10:57:13","date_gmt":"2019-05-11T14:57:13","guid":{"rendered":"https:\/\/emilieryancopywriting.com\/?page_id=110"},"modified":"2019-05-13T19:09:32","modified_gmt":"2019-05-13T23:09:32","slug":"testimonials","status":"publish","type":"page","link":"https:\/\/emilieryancopywriting.com\/fr\/testimonials\/","title":{"rendered":"T\u00e9moignages"},"content":{"rendered":"<h2 class=\"wp-block-heading\"><strong>D\u00e9couvrez ce que les gens pensent du travail de r\u00e9daction de Milena et John, de leur expertise et de leur exp\u00e9rience\u2026<\/strong><\/h2>\n\n\n\n<div class=\"wp-block-media-text alignwide is-stacked-on-mobile\" style=\"grid-template-columns:27% auto\"><figure class=\"wp-block-media-text__media\"><img data-recalc-dims=\"1\" loading=\"lazy\" decoding=\"async\" width=\"200\" height=\"200\" data-attachment-id=\"111\" data-permalink=\"https:\/\/emilieryancopywriting.com\/fr\/testimonials\/andrea-lebel\/#main\" data-orig-file=\"https:\/\/i0.wp.com\/emilieryancopywriting.com\/wp-content\/uploads\/2019\/05\/Andrea-Lebel.jpeg?fit=200%2C200&amp;ssl=1\" data-orig-size=\"200,200\" data-comments-opened=\"1\" data-image-meta=\"{&quot;aperture&quot;:&quot;0&quot;,&quot;credit&quot;:&quot;&quot;,&quot;camera&quot;:&quot;&quot;,&quot;caption&quot;:&quot;&quot;,&quot;created_timestamp&quot;:&quot;0&quot;,&quot;copyright&quot;:&quot;&quot;,&quot;focal_length&quot;:&quot;0&quot;,&quot;iso&quot;:&quot;0&quot;,&quot;shutter_speed&quot;:&quot;0&quot;,&quot;title&quot;:&quot;&quot;,&quot;orientation&quot;:&quot;0&quot;}\" data-image-title=\"Andrea Lebel\" data-image-description=\"&lt;p&gt;Andrea Lebel, MSc PT, MCSA, Owner, Scoliosis Physiotherapy and Posture Centre&lt;\/p&gt;\" data-image-caption=\"\" data-medium-file=\"https:\/\/i0.wp.com\/emilieryancopywriting.com\/wp-content\/uploads\/2019\/05\/Andrea-Lebel.jpeg?fit=200%2C200&amp;ssl=1\" data-large-file=\"https:\/\/i0.wp.com\/emilieryancopywriting.com\/wp-content\/uploads\/2019\/05\/Andrea-Lebel.jpeg?fit=200%2C200&amp;ssl=1\" src=\"https:\/\/i0.wp.com\/emilieryancopywriting.com\/wp-content\/uploads\/2019\/05\/Andrea-Lebel.jpeg?resize=200%2C200&#038;ssl=1\" alt=\"Andrea Lebel\" class=\"wp-image-111\" srcset=\"https:\/\/i0.wp.com\/emilieryancopywriting.com\/wp-content\/uploads\/2019\/05\/Andrea-Lebel.jpeg?w=200&amp;ssl=1 200w, https:\/\/i0.wp.com\/emilieryancopywriting.com\/wp-content\/uploads\/2019\/05\/Andrea-Lebel.jpeg?resize=150%2C150&amp;ssl=1 150w, https:\/\/i0.wp.com\/emilieryancopywriting.com\/wp-content\/uploads\/2019\/05\/Andrea-Lebel.jpeg?resize=50%2C50&amp;ssl=1 50w\" sizes=\"auto, (max-width: 200px) 100vw, 200px\" \/><\/figure><div class=\"wp-block-media-text__content\">\n<p class=\"has-medium-font-size\">J'ai recrut\u00e9 Milena et John pour aider \u00e0 <strong>professionnaliser<\/strong> les courriels, lettres, communiqu\u00e9s de presse et invitations pour recueillir des fonds pour la sensibilisation \u00e0 la scoliose du Centre d\u2019aide \u00e0 la scoliose d\u2019Ottawa. Ils ont aussi \u00e9crit le <strong>papier blanc qui a convaincu<\/strong> l\u2019h\u00f4pital r\u00e9gional pour enfants \u00e0 acheter un syst\u00e8me EOS \u00e0 faible dose (rayons X) qui profitera \u00e0 tous les enfants ayant besoin de rayons X. La machine d'un million de dollars figurait sur une liste de souhaits depuis pr\u00e8s de 9 ans et, peu apr\u00e8s la publication de leur papier blanc, l'EOS a \u00e9t\u00e9 achet\u00e9. Sans le travail de Milena et John, le syst\u00e8me serait rest\u00e9 beaucoup plus longtemps sur la liste de souhaits. <strong>L'\u00e9criture persuasive<\/strong>de Milena et John, la mani\u00e8re qu'ils utilisent les mots et <strong>leur capacit\u00e9 d'\u00e9crire en anglais et en fran\u00e7ais<\/strong> <strong>a aid\u00e9 le groupe de support \u00e0 doubler l'argent<\/strong> obtenu pour la scoliose. Un gros merci \u00e0 Milena et John! <\/p>\n\n\n\n<p style=\"text-align:right\">Andrea Lebel, MSc PT, MCSA, Propri\u00e9taire, Scoliosis Physiotherapy and Posture Centre, <a href=\"http:\/\/www.scoliosisphysiotherapy.com\" target=\"_blank\" rel=\"noreferrer noopener\" aria-label=\" (opens in a new tab)\">www.scoliosisphysiotherapy.com<\/a><\/p>\n<\/div><\/div>\n\n\n\n<div class=\"wp-block-media-text alignwide has-media-on-the-right is-stacked-on-mobile\"><figure class=\"wp-block-media-text__media\"><img loading=\"lazy\" decoding=\"async\" width=\"1500\" height=\"1000\" data-attachment-id=\"145\" data-permalink=\"https:\/\/emilieryancopywriting.com\/fr\/testimonials\/nsc-luke-7506-1500x1000\/#main\" data-orig-file=\"https:\/\/i0.wp.com\/emilieryancopywriting.com\/wp-content\/uploads\/2019\/05\/NSC-Luke-7506-1500x1000.jpg?fit=1500%2C1000&amp;ssl=1\" data-orig-size=\"1500,1000\" data-comments-opened=\"1\" data-image-meta=\"{&quot;aperture&quot;:&quot;3.5&quot;,&quot;credit&quot;:&quot;&quot;,&quot;camera&quot;:&quot;Canon EOS Rebel T6s&quot;,&quot;caption&quot;:&quot;&quot;,&quot;created_timestamp&quot;:&quot;1536836433&quot;,&quot;copyright&quot;:&quot;&quot;,&quot;focal_length&quot;:&quot;50&quot;,&quot;iso&quot;:&quot;200&quot;,&quot;shutter_speed&quot;:&quot;0.016666666666667&quot;,&quot;title&quot;:&quot;&quot;,&quot;orientation&quot;:&quot;1&quot;}\" data-image-title=\"NSC-Luke-7506-1500&amp;#215;1000\" data-image-description=\"\" data-image-caption=\"\" data-medium-file=\"https:\/\/i0.wp.com\/emilieryancopywriting.com\/wp-content\/uploads\/2019\/05\/NSC-Luke-7506-1500x1000.jpg?fit=300%2C200&amp;ssl=1\" data-large-file=\"https:\/\/i0.wp.com\/emilieryancopywriting.com\/wp-content\/uploads\/2019\/05\/NSC-Luke-7506-1500x1000.jpg?fit=1024%2C683&amp;ssl=1\" src=\"https:\/\/i0.wp.com\/emilieryancopywriting.com\/wp-content\/uploads\/2019\/05\/NSC-Luke-7506-1500x1000.jpg?fit=1024%2C683&amp;ssl=1\" alt=\"Luke Stikeleather, CO, Founder and President, National Scoliosis Center (www.nationalscoliosiscenter.com\/)\" class=\"wp-image-145\" srcset=\"https:\/\/i0.wp.com\/emilieryancopywriting.com\/wp-content\/uploads\/2019\/05\/NSC-Luke-7506-1500x1000.jpg?resize=1500%2C1000&amp;ssl=1 1500w, https:\/\/i0.wp.com\/emilieryancopywriting.com\/wp-content\/uploads\/2019\/05\/NSC-Luke-7506-1500x1000.jpg?resize=300%2C200&amp;ssl=1 300w, https:\/\/i0.wp.com\/emilieryancopywriting.com\/wp-content\/uploads\/2019\/05\/NSC-Luke-7506-1500x1000.jpg?resize=768%2C512&amp;ssl=1 768w, https:\/\/i0.wp.com\/emilieryancopywriting.com\/wp-content\/uploads\/2019\/05\/NSC-Luke-7506-1500x1000.jpg?resize=1024%2C683&amp;ssl=1 1024w\" sizes=\"auto, (max-width: 1200px) 100vw, 1200px\" \/><\/figure><div class=\"wp-block-media-text__content\">\n<p class=\"has-medium-font-size\">Milena et John ont un <strong>amour des mots<\/strong> qui transpara\u00eet dans toute leur \u00e9criture. Ils sont <strong>des r\u00e9dacteurs professionnels et polyvalents poss\u00e9dant le juste \u00e9quilibre entre une expertise en recherche sur la sant\u00e9 et des comp\u00e9tences linguistiques<\/strong>. La <strong>pr\u00e9sentation principale<\/strong> qu'ils m'ont aid\u00e9 \u00e0 pr\u00e9parer <strong>a atteint le but<\/strong>! C'\u00e9tait exactement ce que je cherchais et je pourrai en faire encore plus avec le contenu. Ils m'ont aussi aid\u00e9 avec la <strong>r\u00e9vision de mon site Web<\/strong>et il ont \u00e9crit du contenu pour le site (<strong>blogs<\/strong>) et un <strong>papier blanc<\/strong> qui d\u00e9montre <strong>qu'ils comprennent la science derri\u00e8re les probl\u00e9matiques en sant\u00e9<\/strong> . J'appr\u00e9cie qu'ils savent comment parler \u00e0 mes clients de mani\u00e8re \u00e0 ce que ceux-ci comprennent. Ils comprennent mes clients parce qu\u2019ils ont \u00e9t\u00e9 mes clients. <strong>C'est un plaisir de travailler avec eux<\/strong> et j'ai h\u00e2te de travailler avec eux \u00e0 l'avenir.<\/p>\n\n\n\n<p style=\"text-align:right\">Luke Stikeleather, CO,  <br>Fondateur et pr\u00e9sident, Centre national de la scoliose (<a rel=\"noreferrer noopener\" href=\"https:\/\/nationalscoliosiscenter.com\/\" target=\"_blank\">www.nationalscoliosiscenter.com\/<\/a>) <\/p>\n<\/div><\/div>\n\n\n\n<div class=\"wp-block-media-text alignwide is-stacked-on-mobile\" style=\"grid-template-columns:27% auto\"><figure class=\"wp-block-media-text__media\"><img data-recalc-dims=\"1\" loading=\"lazy\" decoding=\"async\" width=\"768\" height=\"512\" data-attachment-id=\"112\" data-permalink=\"https:\/\/emilieryancopywriting.com\/fr\/testimonials\/sss-picture-in-field\/#main\" data-orig-file=\"https:\/\/i0.wp.com\/emilieryancopywriting.com\/wp-content\/uploads\/2019\/05\/SSS-picture-in-field.jpg?fit=768%2C512&amp;ssl=1\" data-orig-size=\"768,512\" data-comments-opened=\"1\" data-image-meta=\"{&quot;aperture&quot;:&quot;2.5&quot;,&quot;credit&quot;:&quot;&quot;,&quot;camera&quot;:&quot;Canon EOS-1D X&quot;,&quot;caption&quot;:&quot;&quot;,&quot;created_timestamp&quot;:&quot;1496835610&quot;,&quot;copyright&quot;:&quot;&quot;,&quot;focal_length&quot;:&quot;50&quot;,&quot;iso&quot;:&quot;200&quot;,&quot;shutter_speed&quot;:&quot;0.0005&quot;,&quot;title&quot;:&quot;&quot;,&quot;orientation&quot;:&quot;1&quot;}\" data-image-title=\"SSS picture in field\" data-image-description=\"&lt;p&gt;Sharon Smith-Swan, Transition Coach and Owner&lt;\/p&gt;\" data-image-caption=\"\" data-medium-file=\"https:\/\/i0.wp.com\/emilieryancopywriting.com\/wp-content\/uploads\/2019\/05\/SSS-picture-in-field.jpg?fit=300%2C200&amp;ssl=1\" data-large-file=\"https:\/\/i0.wp.com\/emilieryancopywriting.com\/wp-content\/uploads\/2019\/05\/SSS-picture-in-field.jpg?fit=768%2C512&amp;ssl=1\" src=\"https:\/\/i0.wp.com\/emilieryancopywriting.com\/wp-content\/uploads\/2019\/05\/SSS-picture-in-field.jpg?resize=768%2C512&#038;ssl=1\" alt=\"Sharon Smith-Swan\" class=\"wp-image-112\" srcset=\"https:\/\/i0.wp.com\/emilieryancopywriting.com\/wp-content\/uploads\/2019\/05\/SSS-picture-in-field.jpg?w=768&amp;ssl=1 768w, https:\/\/i0.wp.com\/emilieryancopywriting.com\/wp-content\/uploads\/2019\/05\/SSS-picture-in-field.jpg?resize=300%2C200&amp;ssl=1 300w\" sizes=\"auto, (max-width: 768px) 100vw, 768px\" \/><\/figure><div class=\"wp-block-media-text__content\">\n<p class=\"has-medium-font-size\">Milena poss\u00e8de non seulement l'expertise technique et la science insaisissable derri\u00e8re les choix des mots les plus percutants, mais elle a l'inestimable talent de poser des questions et d'\u00e9couter jusqu'\u00e0 ce qu'elle comprenne votre marque et votre message. Avec aisance et efficacit\u00e9, elle a cr\u00e9\u00e9 un <strong>site Web qui attire des prospects qualifi\u00e9s et des compliments<\/strong>. Je suis plus que reconnaissante de l'avoir dans mon \u00e9quipe de soutien.&nbsp; <\/p>\n\n\n\n<p style=\"text-align:right\">Sharon Smith-Swan, Coach de transitions et propri\u00e9taire, <a href=\"http:\/\/www.sharonsmithswan.com\">www.sharonsmithswan.com<\/a><\/p>\n<\/div><\/div>\n\n\n\n<div class=\"wp-block-media-text alignwide\" style=\"grid-template-columns:25% auto\"><figure class=\"wp-block-media-text__media\"><img data-recalc-dims=\"1\" loading=\"lazy\" decoding=\"async\" width=\"186\" height=\"186\" data-attachment-id=\"72\" data-permalink=\"https:\/\/emilieryancopywriting.com\/fr\/home\/business-icon-set\/#main\" data-orig-file=\"https:\/\/i0.wp.com\/emilieryancopywriting.com\/wp-content\/uploads\/2019\/05\/iStock-939206464_communication.jpg?fit=186%2C186&amp;ssl=1\" data-orig-size=\"186,186\" data-comments-opened=\"1\" data-image-meta=\"{&quot;aperture&quot;:&quot;0&quot;,&quot;credit&quot;:&quot;Getty Images\\\/iStockphoto&quot;,&quot;camera&quot;:&quot;&quot;,&quot;caption&quot;:&quot;Business icon set&quot;,&quot;created_timestamp&quot;:&quot;1557486963&quot;,&quot;copyright&quot;:&quot;&quot;,&quot;focal_length&quot;:&quot;0&quot;,&quot;iso&quot;:&quot;0&quot;,&quot;shutter_speed&quot;:&quot;0&quot;,&quot;title&quot;:&quot;Business icon set&quot;,&quot;orientation&quot;:&quot;1&quot;}\" data-image-title=\"Contact us\" data-image-description=\"&lt;p&gt;Contact us to talk about your needs&lt;\/p&gt;\" data-image-caption=\"\" data-medium-file=\"https:\/\/i0.wp.com\/emilieryancopywriting.com\/wp-content\/uploads\/2019\/05\/iStock-939206464_communication.jpg?fit=186%2C186&amp;ssl=1\" data-large-file=\"https:\/\/i0.wp.com\/emilieryancopywriting.com\/wp-content\/uploads\/2019\/05\/iStock-939206464_communication.jpg?fit=186%2C186&amp;ssl=1\" src=\"https:\/\/i0.wp.com\/emilieryancopywriting.com\/wp-content\/uploads\/2019\/05\/iStock-939206464_communication.jpg?resize=186%2C186&#038;ssl=1\" alt=\"Contact us\" class=\"wp-image-72\" srcset=\"https:\/\/i0.wp.com\/emilieryancopywriting.com\/wp-content\/uploads\/2019\/05\/iStock-939206464_communication.jpg?w=186&amp;ssl=1 186w, https:\/\/i0.wp.com\/emilieryancopywriting.com\/wp-content\/uploads\/2019\/05\/iStock-939206464_communication.jpg?resize=150%2C150&amp;ssl=1 150w, https:\/\/i0.wp.com\/emilieryancopywriting.com\/wp-content\/uploads\/2019\/05\/iStock-939206464_communication.jpg?resize=50%2C50&amp;ssl=1 50w\" sizes=\"auto, (max-width: 186px) 100vw, 186px\" \/><\/figure><div class=\"wp-block-media-text__content\">\n<p class=\"has-medium-font-size\">Pour savoir comment exploiter les connaissances, l\u2019exp\u00e9rience et le savoir-faire de Milena et John, \u00e9crivez-nous \u00e0 <a href=\"mailto:info@emilieryancopywriting.com\" target=\"_blank\" rel=\"noreferrer noopener\" aria-label=\" (opens in a new tab)\">info@emilieryancopywriting.com<\/a>, appelez-nous au +1 (613) 791-1247 ou <a rel=\"noreferrer noopener\" aria-label=\"contact us using this form (opens in a new tab)\" href=\"https:\/\/emilieryancopywriting.com\/fr\/contactus\/\" target=\"_blank\">communiquez avec nous en utilisant ce formulaire<\/a> <\/p>\n<\/div><\/div>","protected":false},"excerpt":{"rendered":"<p>See What People Are Saying About Milena and John\u2019s Copywriting and Web Work, Expertise, and Experience&#8230; I recruited Milena and John to help professionalize the Scoliosis Support Centre of Ottawa&#8217;s emails, letters, press release, and invitations to raise funds for scoliosis awareness. They also wrote the white paper that convinced the regional children&#8217;s hospital to &#8230; <a title=\"T\u00e9moignages\" class=\"read-more\" href=\"https:\/\/emilieryancopywriting.com\/fr\/testimonials\/\" aria-label=\"Read more about Testimonials\">Continuer la lecture<\/a><\/p>","protected":false},"author":1,"featured_media":0,"parent":0,"menu_order":0,"comment_status":"closed","ping_status":"closed","template":"","meta":{"nf_dc_page":"","_monsterinsights_skip_tracking":false,"_monsterinsights_sitenote_active":false,"_monsterinsights_sitenote_note":"","_monsterinsights_sitenote_category":0,"jetpack_post_was_ever_published":false,"footnotes":""},"class_list":["post-110","page","type-page","status-publish"],"yoast_head":"<!-- This site is optimized with the Yoast SEO plugin v27.2 - https:\/\/yoast.com\/product\/yoast-seo-wordpress\/ -->\n<title>Testimonials - Emilie Ryan Copywriting<\/title>\n<meta name=\"description\" content=\"Testimonials for the Emilie Ryan Copywriting team\u2019s copywriting and website content work for the health industry\" \/>\n<meta name=\"robots\" content=\"index, follow, max-snippet:-1, max-image-preview:large, max-video-preview:-1\" \/>\n<link rel=\"canonical\" href=\"https:\/\/emilieryancopywriting.com\/fr\/testimonials\/\" \/>\n<meta property=\"og:locale\" content=\"fr_CA\" \/>\n<meta property=\"og:type\" content=\"article\" \/>\n<meta property=\"og:title\" content=\"Testimonials - Emilie Ryan Copywriting\" \/>\n<meta property=\"og:description\" content=\"Testimonials for the Emilie Ryan Copywriting team\u2019s copywriting and website content work for the health industry\" \/>\n<meta property=\"og:url\" content=\"https:\/\/emilieryancopywriting.com\/fr\/testimonials\/\" \/>\n<meta property=\"og:site_name\" content=\"Emilie Ryan Copywriting\" \/>\n<meta property=\"article:modified_time\" content=\"2019-05-13T23:09:32+00:00\" \/>\n<meta property=\"og:image\" content=\"https:\/\/emilieryancopywriting.com\/wp-content\/uploads\/2019\/05\/Andrea-Lebel.jpeg\" \/>\n<meta name=\"twitter:card\" content=\"summary_large_image\" \/>\n<meta name=\"twitter:site\" content=\"@MilenaParent\" \/>\n<meta name=\"twitter:label1\" content=\"Estimation du temps de lecture\" \/>\n\t<meta name=\"twitter:data1\" content=\"2 minutes\" \/>\n<script type=\"application\/ld+json\" class=\"yoast-schema-graph\">{\"@context\":\"https:\/\/schema.org\",\"@graph\":[{\"@type\":\"WebPage\",\"@id\":\"https:\/\/emilieryancopywriting.com\/testimonials\/\",\"url\":\"https:\/\/emilieryancopywriting.com\/testimonials\/\",\"name\":\"Testimonials - Emilie Ryan Copywriting\",\"isPartOf\":{\"@id\":\"https:\/\/emilieryancopywriting.com\/fr\/#website\"},\"primaryImageOfPage\":{\"@id\":\"https:\/\/emilieryancopywriting.com\/testimonials\/#primaryimage\"},\"image\":{\"@id\":\"https:\/\/emilieryancopywriting.com\/testimonials\/#primaryimage\"},\"thumbnailUrl\":\"https:\/\/emilieryancopywriting.com\/wp-content\/uploads\/2019\/05\/Andrea-Lebel.jpeg\",\"datePublished\":\"2019-05-11T14:57:13+00:00\",\"dateModified\":\"2019-05-13T23:09:32+00:00\",\"description\":\"Testimonials for the Emilie Ryan Copywriting team\u2019s copywriting and website content work for the health industry\",\"breadcrumb\":{\"@id\":\"https:\/\/emilieryancopywriting.com\/testimonials\/#breadcrumb\"},\"inLanguage\":\"fr-CA\",\"potentialAction\":[{\"@type\":\"ReadAction\",\"target\":[\"https:\/\/emilieryancopywriting.com\/testimonials\/\"]}]},{\"@type\":\"ImageObject\",\"inLanguage\":\"fr-CA\",\"@id\":\"https:\/\/emilieryancopywriting.com\/testimonials\/#primaryimage\",\"url\":\"https:\/\/emilieryancopywriting.com\/wp-content\/uploads\/2019\/05\/Andrea-Lebel.jpeg\",\"contentUrl\":\"https:\/\/emilieryancopywriting.com\/wp-content\/uploads\/2019\/05\/Andrea-Lebel.jpeg\"},{\"@type\":\"BreadcrumbList\",\"@id\":\"https:\/\/emilieryancopywriting.com\/testimonials\/#breadcrumb\",\"itemListElement\":[{\"@type\":\"ListItem\",\"position\":1,\"name\":\"Home\",\"item\":\"https:\/\/emilieryancopywriting.com\/fr\/\"},{\"@type\":\"ListItem\",\"position\":2,\"name\":\"Testimonials\"}]},{\"@type\":\"WebSite\",\"@id\":\"https:\/\/emilieryancopywriting.com\/fr\/#website\",\"url\":\"https:\/\/emilieryancopywriting.com\/fr\/\",\"name\":\"Emilie Ryan Copywriting\",\"description\":\"Expert health industry copywriting and web content services\",\"publisher\":{\"@id\":\"https:\/\/emilieryancopywriting.com\/fr\/#organization\"},\"potentialAction\":[{\"@type\":\"SearchAction\",\"target\":{\"@type\":\"EntryPoint\",\"urlTemplate\":\"https:\/\/emilieryancopywriting.com\/fr\/?s={search_term_string}\"},\"query-input\":{\"@type\":\"PropertyValueSpecification\",\"valueRequired\":true,\"valueName\":\"search_term_string\"}}],\"inLanguage\":\"fr-CA\"},{\"@type\":\"Organization\",\"@id\":\"https:\/\/emilieryancopywriting.com\/fr\/#organization\",\"name\":\"Emilie Ryan Copywriting\",\"url\":\"https:\/\/emilieryancopywriting.com\/fr\/\",\"logo\":{\"@type\":\"ImageObject\",\"inLanguage\":\"fr-CA\",\"@id\":\"https:\/\/emilieryancopywriting.com\/fr\/#\/schema\/logo\/image\/\",\"url\":\"https:\/\/i0.wp.com\/emilieryancopywriting.com\/wp-content\/uploads\/2019\/04\/LogoWhiteImage-e1556579494665.png?fit=369%2C362&ssl=1\",\"contentUrl\":\"https:\/\/i0.wp.com\/emilieryancopywriting.com\/wp-content\/uploads\/2019\/04\/LogoWhiteImage-e1556579494665.png?fit=369%2C362&ssl=1\",\"width\":369,\"height\":362,\"caption\":\"Emilie Ryan Copywriting\"},\"image\":{\"@id\":\"https:\/\/emilieryancopywriting.com\/fr\/#\/schema\/logo\/image\/\"},\"sameAs\":[\"https:\/\/x.com\/MilenaParent\",\"https:\/\/www.instagram.com\/milenaparent\/\",\"https:\/\/www.linkedin.com\/in\/milenaparent\/\"]}]}<\/script>\n<!-- \/ Yoast SEO plugin. -->","yoast_head_json":{"title":"Testimonials - Emilie Ryan Copywriting","description":"Testimonials for the Emilie Ryan Copywriting team\u2019s copywriting and website content work for the health industry","robots":{"index":"index","follow":"follow","max-snippet":"max-snippet:-1","max-image-preview":"max-image-preview:large","max-video-preview":"max-video-preview:-1"},"canonical":"https:\/\/emilieryancopywriting.com\/fr\/testimonials\/","og_locale":"fr_CA","og_type":"article","og_title":"Testimonials - Emilie Ryan Copywriting","og_description":"Testimonials for the Emilie Ryan Copywriting team\u2019s copywriting and website content work for the health industry","og_url":"https:\/\/emilieryancopywriting.com\/fr\/testimonials\/","og_site_name":"Emilie Ryan Copywriting","article_modified_time":"2019-05-13T23:09:32+00:00","og_image":[{"url":"https:\/\/emilieryancopywriting.com\/wp-content\/uploads\/2019\/05\/Andrea-Lebel.jpeg","type":"","width":"","height":""}],"twitter_card":"summary_large_image","twitter_site":"@MilenaParent","twitter_misc":{"Estimation du temps de lecture":"2 minutes"},"schema":{"@context":"https:\/\/schema.org","@graph":[{"@type":"WebPage","@id":"https:\/\/emilieryancopywriting.com\/testimonials\/","url":"https:\/\/emilieryancopywriting.com\/testimonials\/","name":"Testimonials - Emilie Ryan Copywriting","isPartOf":{"@id":"https:\/\/emilieryancopywriting.com\/fr\/#website"},"primaryImageOfPage":{"@id":"https:\/\/emilieryancopywriting.com\/testimonials\/#primaryimage"},"image":{"@id":"https:\/\/emilieryancopywriting.com\/testimonials\/#primaryimage"},"thumbnailUrl":"https:\/\/emilieryancopywriting.com\/wp-content\/uploads\/2019\/05\/Andrea-Lebel.jpeg","datePublished":"2019-05-11T14:57:13+00:00","dateModified":"2019-05-13T23:09:32+00:00","description":"Testimonials for the Emilie Ryan Copywriting team\u2019s copywriting and website content work for the health industry","breadcrumb":{"@id":"https:\/\/emilieryancopywriting.com\/testimonials\/#breadcrumb"},"inLanguage":"fr-CA","potentialAction":[{"@type":"ReadAction","target":["https:\/\/emilieryancopywriting.com\/testimonials\/"]}]},{"@type":"ImageObject","inLanguage":"fr-CA","@id":"https:\/\/emilieryancopywriting.com\/testimonials\/#primaryimage","url":"https:\/\/emilieryancopywriting.com\/wp-content\/uploads\/2019\/05\/Andrea-Lebel.jpeg","contentUrl":"https:\/\/emilieryancopywriting.com\/wp-content\/uploads\/2019\/05\/Andrea-Lebel.jpeg"},{"@type":"BreadcrumbList","@id":"https:\/\/emilieryancopywriting.com\/testimonials\/#breadcrumb","itemListElement":[{"@type":"ListItem","position":1,"name":"Home","item":"https:\/\/emilieryancopywriting.com\/fr\/"},{"@type":"ListItem","position":2,"name":"Testimonials"}]},{"@type":"WebSite","@id":"https:\/\/emilieryancopywriting.com\/fr\/#website","url":"https:\/\/emilieryancopywriting.com\/fr\/","name":"Emilie Ryan Copywriting","description":"Expert health industry copywriting and web content services","publisher":{"@id":"https:\/\/emilieryancopywriting.com\/fr\/#organization"},"potentialAction":[{"@type":"SearchAction","target":{"@type":"EntryPoint","urlTemplate":"https:\/\/emilieryancopywriting.com\/fr\/?s={search_term_string}"},"query-input":{"@type":"PropertyValueSpecification","valueRequired":true,"valueName":"search_term_string"}}],"inLanguage":"fr-CA"},{"@type":"Organization","@id":"https:\/\/emilieryancopywriting.com\/fr\/#organization","name":"Emilie Ryan Copywriting","url":"https:\/\/emilieryancopywriting.com\/fr\/","logo":{"@type":"ImageObject","inLanguage":"fr-CA","@id":"https:\/\/emilieryancopywriting.com\/fr\/#\/schema\/logo\/image\/","url":"https:\/\/i0.wp.com\/emilieryancopywriting.com\/wp-content\/uploads\/2019\/04\/LogoWhiteImage-e1556579494665.png?fit=369%2C362&ssl=1","contentUrl":"https:\/\/i0.wp.com\/emilieryancopywriting.com\/wp-content\/uploads\/2019\/04\/LogoWhiteImage-e1556579494665.png?fit=369%2C362&ssl=1","width":369,"height":362,"caption":"Emilie Ryan Copywriting"},"image":{"@id":"https:\/\/emilieryancopywriting.com\/fr\/#\/schema\/logo\/image\/"},"sameAs":["https:\/\/x.com\/MilenaParent","https:\/\/www.instagram.com\/milenaparent\/","https:\/\/www.linkedin.com\/in\/milenaparent\/"]}]}},"jetpack_sharing_enabled":true,"jetpack_shortlink":"https:\/\/wp.me\/PaW7yY-1M","amp_enabled":true,"_links":{"self":[{"href":"https:\/\/emilieryancopywriting.com\/fr\/wp-json\/wp\/v2\/pages\/110","targetHints":{"allow":["GET"]}}],"collection":[{"href":"https:\/\/emilieryancopywriting.com\/fr\/wp-json\/wp\/v2\/pages"}],"about":[{"href":"https:\/\/emilieryancopywriting.com\/fr\/wp-json\/wp\/v2\/types\/page"}],"author":[{"embeddable":true,"href":"https:\/\/emilieryancopywriting.com\/fr\/wp-json\/wp\/v2\/users\/1"}],"replies":[{"embeddable":true,"href":"https:\/\/emilieryancopywriting.com\/fr\/wp-json\/wp\/v2\/comments?post=110"}],"version-history":[{"count":4,"href":"https:\/\/emilieryancopywriting.com\/fr\/wp-json\/wp\/v2\/pages\/110\/revisions"}],"predecessor-version":[{"id":147,"href":"https:\/\/emilieryancopywriting.com\/fr\/wp-json\/wp\/v2\/pages\/110\/revisions\/147"}],"wp:attachment":[{"href":"https:\/\/emilieryancopywriting.com\/fr\/wp-json\/wp\/v2\/media?parent=110"}],"curies":[{"name":"wp","href":"https:\/\/api.w.org\/{rel}","templated":true}]}}